{"id":2,"date":"2018-01-04T17:00:56","date_gmt":"2018-01-04T16:00:56","guid":{"rendered":"http:\/\/localhost\/wordpress\/?page_id=2"},"modified":"2023-07-16T20:39:21","modified_gmt":"2023-07-16T18:39:21","slug":"contact","status":"publish","type":"page","link":"https:\/\/nowymotyw.com\/fr\/contact\/","title":{"rendered":"Nous travaillons actuellement \u00e0 Villard-de-Lans (France)"},"content":{"rendered":"<p><strong>KONTAKT:<\/strong><\/p>\n<p>+48 501 160 673<br \/>\n<a href=\"mailto:info@nowymotyw.com\">info@nowymotyw.com<\/a><\/p>\n<p><strong>PRAKTYKI \/ STA\u017bE:<\/strong><\/p>\n<p>Je\u015bli jeste\u015b zainteresowany sta\u017cem w Nowym Motyw, prze\u015blij nam swoje portfolio<br \/>\nna info@nowymotyw.com<\/p>\n","protected":false},"excerpt":{"rendered":"<p>KONTAKT: +48 501 160 673 info@nowymotyw.com PRAKTYKI \/ STA\u017bE: Je\u015bli jeste\u015b zainteresowany sta\u017cem w Nowym Motyw, prze\u015blij nam swoje portfolio na info@nowymotyw.com<\/p>\n","protected":false},"author":1,"featured_media":0,"parent":0,"menu_order":0,"comment_status":"closed","ping_status":"closed","template":"page_contact.php","meta":{"_acf_changed":false,"footnotes":""},"class_list":["post-2","page","type-page","status-publish","hentry"],"translation":{"provider":"WPGlobus","version":"3.0.2","language":"fr","enabled_languages":["pl","en","fr"],"languages":{"pl":{"title":true,"content":true,"excerpt":false},"en":{"title":true,"content":false,"excerpt":false},"fr":{"title":true,"content":false,"excerpt":false}}},"acf":[],"_links":{"self":[{"href":"https:\/\/nowymotyw.com\/fr\/wp-json\/wp\/v2\/pages\/2","targetHints":{"allow":["GET"]}}],"collection":[{"href":"https:\/\/nowymotyw.com\/fr\/wp-json\/wp\/v2\/pages"}],"about":[{"href":"https:\/\/nowymotyw.com\/fr\/wp-json\/wp\/v2\/types\/page"}],"author":[{"embeddable":true,"href":"https:\/\/nowymotyw.com\/fr\/wp-json\/wp\/v2\/users\/1"}],"replies":[{"embeddable":true,"href":"https:\/\/nowymotyw.com\/fr\/wp-json\/wp\/v2\/comments?post=2"}],"version-history":[{"count":2,"href":"https:\/\/nowymotyw.com\/fr\/wp-json\/wp\/v2\/pages\/2\/revisions"}],"predecessor-version":[{"id":859,"href":"https:\/\/nowymotyw.com\/fr\/wp-json\/wp\/v2\/pages\/2\/revisions\/859"}],"wp:attachment":[{"href":"https:\/\/nowymotyw.com\/fr\/wp-json\/wp\/v2\/media?parent=2"}],"curies":[{"name":"wp","href":"https:\/\/api.w.org\/{rel}","templated":true}]}}